{"id":2898,"date":"2025-12-10T13:23:48","date_gmt":"2025-12-10T13:23:48","guid":{"rendered":"https:\/\/www.fchypotheken.nl\/?page_id=2898"},"modified":"2026-01-14T13:00:10","modified_gmt":"2026-01-14T13:00:10","slug":"mortgages-for-expats","status":"publish","type":"page","link":"https:\/\/www.fchypotheken.nl\/en\/mortgages-for-expats\/","title":{"rendered":"Mortgages made for Expats"},"content":{"rendered":"<div data-elementor-type=\"wp-page\" data-elementor-id=\"2898\" class=\"elementor elementor-2898\" data-elementor-post-type=\"page\">\n\t\t\t\t<div class=\"elementor-element elementor-element-541226d e-flex e-con-boxed e-con e-parent\" data-id=\"541226d\" data-element_type=\"container\" data-settings=\"{&quot;background_background&quot;:&quot;classic&quot;}\">\n\t\t\t\t\t<div class=\"e-con-inner\">\n\t\t<div class=\"elementor-element elementor-element-b9a99cb e-con-full e-flex e-con e-child\" data-id=\"b9a99cb\" data-element_type=\"container\">\n\t\t\t\t<div class=\"elementor-element elementor-element-709c601 elementor-widget elementor-widget-heading\" data-id=\"709c601\" data-element_type=\"widget\" data-widget_type=\"heading.default\">\n\t\t\t\t\t<h1 class=\"elementor-heading-title elementor-size-default\">A mortgage for expats in the Netherlands<\/h1>\t\t\t\t<\/div>\n\t\t\t\t<div class=\"elementor-element elementor-element-1ae2b5b elementor-widget elementor-widget-as_support_breadcrumb\" data-id=\"1ae2b5b\" data-element_type=\"widget\" data-widget_type=\"as_support_breadcrumb.default\">\n\t\t\t\t<div class=\"elementor-widget-container\">\n\t\t\t\t\t<div class=\"breadcrumb-wrapper\"><nav class=\"breadcrumb\" aria-label=\"Breadcrumb voor Mortgages made for Expats\"><ol class=\"breadcrumb-list\" itemscope itemtype=\"https:\/\/schema.org\/BreadcrumbList\"><li class=\"breadcrumb-item\" itemprop=\"itemListElement\" itemscope itemtype=\"https:\/\/schema.org\/ListItem\"><a class=\"breadcrumb-link\" href=\"https:\/\/www.fchypotheken.nl\/en\/\" itemprop=\"item\"><span itemprop=\"name\">Home<\/span><\/a><meta itemprop=\"position\" content=\"1\" \/><\/li><span class=\"separator\" aria-hidden=\"true\">\/<\/span><li class=\"breadcrumb-item\" itemprop=\"itemListElement\" itemscope itemtype=\"https:\/\/schema.org\/ListItem\"><span class=\"breadcrumb-current\" itemprop=\"name\" aria-current=\"page\">Mortgages made for Expats<\/span><meta itemprop=\"item\" content=\"https:\/\/www.fchypotheken.nl\/en\/mortgages-for-expats\/\" \/><meta itemprop=\"position\" content=\"2\" \/><\/li><\/ol><\/nav><\/div>\t\t\t\t<\/div>\n\t\t\t\t<\/div>\n\t\t\t\t<\/div>\n\t\t\t\t\t<\/div>\n\t\t\t\t<\/div>\n\t\t<div class=\"elementor-element elementor-element-face805 cst-overlay e-flex e-con-boxed e-con e-parent\" data-id=\"face805\" data-element_type=\"container\" data-settings=\"{&quot;background_background&quot;:&quot;classic&quot;}\">\n\t\t\t\t\t<div class=\"e-con-inner\">\n\t\t<div class=\"elementor-element elementor-element-7149c4a e-con-full e-flex e-con e-child\" data-id=\"7149c4a\" data-element_type=\"container\">\n\t\t<div class=\"elementor-element elementor-element-ad22032 e-con-full e-flex e-con e-child\" data-id=\"ad22032\" data-element_type=\"container\" data-settings=\"{&quot;background_background&quot;:&quot;classic&quot;}\">\n\t\t\t\t<div class=\"elementor-element elementor-element-6fc63f6 e-n-tabs-mobile elementor-widget elementor-widget-n-tabs\" data-id=\"6fc63f6\" data-element_type=\"widget\" data-settings=\"{&quot;tabs_justify_horizontal&quot;:&quot;stretch&quot;,&quot;horizontal_scroll&quot;:&quot;disable&quot;}\" data-widget_type=\"nested-tabs.default\">\n\t\t\t\t\t\t\t<div class=\"e-n-tabs\" data-widget-number=\"117203958\" aria-label=\"Tabs. Open items met enter of spatie, sluit af met escape en navigeer met de pijltoetsen.\">\n\t\t\t<div class=\"e-n-tabs-heading\" role=\"tablist\">\n\t\t\t\t\t<button id=\"e-n-tab-title-1172039581\" data-tab-title-id=\"e-n-tab-title-1172039581\" class=\"e-n-tab-title\" aria-selected=\"true\" data-tab-index=\"1\" role=\"tab\" tabindex=\"0\" aria-controls=\"e-n-tab-content-1172039581\" style=\"--n-tabs-title-order: 1;\">\n\t\t\t\t\t\t<span class=\"e-n-tab-title-text\">\n\t\t\t\tMake your choice\t\t\t<\/span>\n\t\t<\/button>\n\t\t\t\t\t<\/div>\n\t\t\t<div class=\"e-n-tabs-content\">\n\t\t\t\t<div id=\"e-n-tab-content-1172039581\" role=\"tabpanel\" aria-labelledby=\"e-n-tab-title-1172039581\" data-tab-index=\"1\" style=\"--n-tabs-title-order: 1;\" class=\"e-active elementor-element elementor-element-54da525 e-con-full e-flex e-con e-child\" data-id=\"54da525\" data-element_type=\"container\">\n\t\t\t\t<div class=\"elementor-element elementor-element-783026d cst-icon-box elementor-list-item-link-full_width elementor-widget elementor-widget-icon-list\" data-id=\"783026d\" data-element_type=\"widget\" data-widget_type=\"icon-list.default\">\n\t\t\t\t\t\t\t<ul class=\"elementor-icon-list-items\">\n\t\t\t\t\t\t\t<li class=\"elementor-icon-list-item\">\n\t\t\t\t\t\t\t\t\t\t\t<a href=\"\/en\/alles-over-hypotheken\/actuele-hypotheekrentes-de-rentes-van-alle-aanbieders\/#module\">\n\n\t\t\t\t\t\t\t\t\t\t\t\t<span class=\"elementor-icon-list-icon\">\n\t\t\t\t\t\t\t<svg aria-hidden=\"true\" class=\"e-font-icon-svg e-fas-arrow-right\" viewbox=\"0 0 448 512\" xmlns=\"http:\/\/www.w3.org\/2000\/svg\"><path d=\"M190.5 66.9l22.2-22.2c9.4-9.4 24.6-9.4 33.9 0L441 239c9.4 9.4 9.4 24.6 0 33.9L246.6 467.3c-9.4 9.4-24.6 9.4-33.9 0l-22.2-22.2c-9.5-9.5-9.3-25 .4-34.3L311.4 296H24c-13.3 0-24-10.7-24-24v-32c0-13.3 10.7-24 24-24h287.4L190.9 101.2c-9.8-9.3-10-24.8-.4-34.3z\"><\/path><\/svg>\t\t\t\t\t\t<\/span>\n\t\t\t\t\t\t\t\t\t\t<span class=\"elementor-icon-list-text\">Private mortgages for expats<\/span>\n\t\t\t\t\t\t\t\t\t\t\t<\/a>\n\t\t\t\t\t\t\t\t\t<\/li>\n\t\t\t\t\t\t\t\t<li class=\"elementor-icon-list-item\">\n\t\t\t\t\t\t\t\t\t\t\t<a href=\"\/en\/alles-over-hypotheken\/hypotheek-oversluiten\/#module\">\n\n\t\t\t\t\t\t\t\t\t\t\t\t<span class=\"elementor-icon-list-icon\">\n\t\t\t\t\t\t\t<svg aria-hidden=\"true\" class=\"e-font-icon-svg e-fas-arrow-right\" viewbox=\"0 0 448 512\" xmlns=\"http:\/\/www.w3.org\/2000\/svg\"><path d=\"M190.5 66.9l22.2-22.2c9.4-9.4 24.6-9.4 33.9 0L441 239c9.4 9.4 9.4 24.6 0 33.9L246.6 467.3c-9.4 9.4-24.6 9.4-33.9 0l-22.2-22.2c-9.5-9.5-9.3-25 .4-34.3L311.4 296H24c-13.3 0-24-10.7-24-24v-32c0-13.3 10.7-24 24-24h287.4L190.9 101.2c-9.8-9.3-10-24.8-.4-34.3z\"><\/path><\/svg>\t\t\t\t\t\t<\/span>\n\t\t\t\t\t\t\t\t\t\t<span class=\"elementor-icon-list-text\">Business mortgages for expats<\/span>\n\t\t\t\t\t\t\t\t\t\t\t<\/a>\n\t\t\t\t\t\t\t\t\t<\/li>\n\t\t\t\t\t\t\t\t<li class=\"elementor-icon-list-item\">\n\t\t\t\t\t\t\t\t\t\t\t<a href=\"\/en\/alles-over-hypotheken\/maandlasten-berekenen\/#module\">\n\n\t\t\t\t\t\t\t\t\t\t\t\t<span class=\"elementor-icon-list-icon\">\n\t\t\t\t\t\t\t<svg aria-hidden=\"true\" class=\"e-font-icon-svg e-fas-arrow-right\" viewbox=\"0 0 448 512\" xmlns=\"http:\/\/www.w3.org\/2000\/svg\"><path d=\"M190.5 66.9l22.2-22.2c9.4-9.4 24.6-9.4 33.9 0L441 239c9.4 9.4 9.4 24.6 0 33.9L246.6 467.3c-9.4 9.4-24.6 9.4-33.9 0l-22.2-22.2c-9.5-9.5-9.3-25 .4-34.3L311.4 296H24c-13.3 0-24-10.7-24-24v-32c0-13.3 10.7-24 24-24h287.4L190.9 101.2c-9.8-9.3-10-24.8-.4-34.3z\"><\/path><\/svg>\t\t\t\t\t\t<\/span>\n\t\t\t\t\t\t\t\t\t\t<span class=\"elementor-icon-list-text\">Calculate monthly expenses<\/span>\n\t\t\t\t\t\t\t\t\t\t\t<\/a>\n\t\t\t\t\t\t\t\t\t<\/li>\n\t\t\t\t\t\t\t\t<li class=\"elementor-icon-list-item\">\n\t\t\t\t\t\t\t\t\t\t\t<a href=\"\/en\/alles-over-hypotheken\/maximale-hypotheek-berekenen\/#module\">\n\n\t\t\t\t\t\t\t\t\t\t\t\t<span class=\"elementor-icon-list-icon\">\n\t\t\t\t\t\t\t<svg aria-hidden=\"true\" class=\"e-font-icon-svg e-fas-arrow-right\" viewbox=\"0 0 448 512\" xmlns=\"http:\/\/www.w3.org\/2000\/svg\"><path d=\"M190.5 66.9l22.2-22.2c9.4-9.4 24.6-9.4 33.9 0L441 239c9.4 9.4 9.4 24.6 0 33.9L246.6 467.3c-9.4 9.4-24.6 9.4-33.9 0l-22.2-22.2c-9.5-9.5-9.3-25 .4-34.3L311.4 296H24c-13.3 0-24-10.7-24-24v-32c0-13.3 10.7-24 24-24h287.4L190.9 101.2c-9.8-9.3-10-24.8-.4-34.3z\"><\/path><\/svg>\t\t\t\t\t\t<\/span>\n\t\t\t\t\t\t\t\t\t\t<span class=\"elementor-icon-list-text\">Calculate maximum mortgage<\/span>\n\t\t\t\t\t\t\t\t\t\t\t<\/a>\n\t\t\t\t\t\t\t\t\t<\/li>\n\t\t\t\t\t\t\t\t<li class=\"elementor-icon-list-item\">\n\t\t\t\t\t\t\t\t\t\t\t<a href=\"\/en\/alles-over-hypotheken\/droomhuis-gevonden\/#module\">\n\n\t\t\t\t\t\t\t\t\t\t\t\t<span class=\"elementor-icon-list-icon\">\n\t\t\t\t\t\t\t<svg aria-hidden=\"true\" class=\"e-font-icon-svg e-fas-arrow-right\" viewbox=\"0 0 448 512\" xmlns=\"http:\/\/www.w3.org\/2000\/svg\"><path d=\"M190.5 66.9l22.2-22.2c9.4-9.4 24.6-9.4 33.9 0L441 239c9.4 9.4 9.4 24.6 0 33.9L246.6 467.3c-9.4 9.4-24.6 9.4-33.9 0l-22.2-22.2c-9.5-9.5-9.3-25 .4-34.3L311.4 296H24c-13.3 0-24-10.7-24-24v-32c0-13.3 10.7-24 24-24h287.4L190.9 101.2c-9.8-9.3-10-24.8-.4-34.3z\"><\/path><\/svg>\t\t\t\t\t\t<\/span>\n\t\t\t\t\t\t\t\t\t\t<span class=\"elementor-icon-list-text\">What does your dream home really cost?<\/span>\n\t\t\t\t\t\t\t\t\t\t\t<\/a>\n\t\t\t\t\t\t\t\t\t<\/li>\n\t\t\t\t\t\t<\/ul>\n\t\t\t\t\t\t<\/div>\n\t\t\t\t<\/div>\n\t\t\t\t\t<\/div>\n\t\t<\/div>\n\t\t\t\t\t\t<\/div>\n\t\t\t\t<\/div>\n\t\t<div class=\"elementor-element elementor-element-feb0e7a e-con-full e-flex e-con e-child\" data-id=\"feb0e7a\" data-element_type=\"container\">\n\t\t\t\t<div class=\"elementor-element elementor-element-8d5232d elementor-hidden-tablet elementor-hidden-mobile elementor-widget elementor-widget-heading\" data-id=\"8d5232d\" data-element_type=\"widget\" data-widget_type=\"heading.default\">\n\t\t\t\t\t<h2 class=\"elementor-heading-title elementor-size-default\">Persoonlijk advies voor expats<\/h2>\t\t\t\t<\/div>\n\t\t\t\t<div class=\"elementor-element elementor-element-35263f9 elementor-hidden-widescreen elementor-hidden-desktop elementor-hidden-laptop elementor-widget elementor-widget-heading\" data-id=\"35263f9\" data-element_type=\"widget\" data-widget_type=\"heading.default\">\n\t\t\t\t\t<h2 class=\"elementor-heading-title elementor-size-default\">Persoonlijk advies voor expats<\/h2>\t\t\t\t<\/div>\n\t\t\t\t<div class=\"elementor-element elementor-element-c91557d mb-0 elementor-widget elementor-widget-text-editor\" data-id=\"c91557d\" data-element_type=\"widget\" data-widget_type=\"text-editor.default\">\n\t\t\t\t\t\t\t\t\t<p>Een hypotheek aanvragen als expat in Nederland kan overweldigend voelen. Je krijgt te maken met nieuwe regels, documenten, belastingvoordelen en een onbekende woningmarkt. First Choice Hypotheken helpt internationale professionals al jaren bij het vinden van een passende hypotheek. Met persoonlijk advies, volledige begeleiding en heldere communicatie zorgen wij dat jij met vertrouwen kunt kopen, verbouwen of herfinancieren.<\/p>\t\t\t\t\t\t\t\t<\/div>\n\t\t\t\t<div class=\"elementor-element elementor-element-609451c elementor-widget elementor-widget-button\" data-id=\"609451c\" data-element_type=\"widget\" data-widget_type=\"button.default\">\n\t\t\t\t\t\t\t\t\t\t<a class=\"elementor-button elementor-button-link elementor-size-sm\" href=\"\/en\/contact\/\">\n\t\t\t\t\t\t<span class=\"elementor-button-content-wrapper\">\n\t\t\t\t\t\t\t\t\t<span class=\"elementor-button-text\">Make an appointment<\/span>\n\t\t\t\t\t<\/span>\n\t\t\t\t\t<\/a>\n\t\t\t\t\t\t\t\t<\/div>\n\t\t\t\t<\/div>\n\t\t\t\t<\/div>\n\t\t\t\t\t<\/div>\n\t\t\t\t<\/div>\n\t\t<div class=\"elementor-element elementor-element-9594b04 e-flex e-con-boxed e-con e-parent\" data-id=\"9594b04\" data-element_type=\"container\">\n\t\t\t\t\t<div class=\"e-con-inner\">\n\t\t<div class=\"elementor-element elementor-element-a3945ab e-con-full e-flex e-con e-child\" data-id=\"a3945ab\" data-element_type=\"container\">\n\t\t<div class=\"elementor-element elementor-element-f3e0350 e-con-full e-flex e-con e-child\" data-id=\"f3e0350\" data-element_type=\"container\">\n\t\t<div class=\"elementor-element elementor-element-3e420f5 e-con-full e-flex e-con e-child\" data-id=\"3e420f5\" data-element_type=\"container\">\n\t\t\t\t<div class=\"elementor-element elementor-element-c3befd3 elementor-widget elementor-widget-heading\" data-id=\"c3befd3\" data-element_type=\"widget\" data-widget_type=\"heading.default\">\n\t\t\t\t\t<h2 class=\"elementor-heading-title elementor-size-default\">Waarom expats kiezen voor First Choice Hypotheken<\/h2>\t\t\t\t<\/div>\n\t\t\t\t<div class=\"elementor-element elementor-element-7494479 elementor-widget elementor-widget-text-editor\" data-id=\"7494479\" data-element_type=\"widget\" data-widget_type=\"text-editor.default\">\n\t\t\t\t\t\t\t\t\t<ul class=\"checklist\"><li><strong>Gespecialiseerd in internationale situaties<\/strong><br \/>Met meer dan 14 jaar ervaring in financi\u00eble dienstverlening begrijpen wij precies waar expats tegenaan lopen. Of je nu hier werkt onder een lokaal contract, expatcontract, zelfstandige bent, of gebruikmaakt van de 30%-regeling: wij zorgen dat jouw mogelijkheden optimaal benut worden.<\/li><li><strong>Onafhankelijk advies en volledige transparantie<\/strong><br \/>Als onafhankelijk adviseur vergelijken wij meer dan 25 betrouwbare hypotheekaanbieders. Je krijgt altijd een eerlijk en duidelijk advies, afgestemd op jouw persoonlijke en financi\u00eble situatie.<\/li><li><strong>Een vaste, meertalige adviseur<\/strong><br \/>Je krijgt \u00e9\u00e9n vaste adviseur die je begeleidt van ori\u00ebntatie tot sleuteloverdracht. Wij bieden ondersteuning in het Engels, Nederlands en Turks, prettig als je nieuw bent in Nederland en duidelijke uitleg belangrijk is.<\/li><li><strong>No Cure, No Pay<\/strong><br \/>Je betaalt alleen als we daadwerkelijk een hypotheek voor je realiseren. Zo weet je zeker dat wij volledig voor jouw resultaat gaan.<\/li><\/ul>\t\t\t\t\t\t\t\t<\/div>\n\t\t\t\t<\/div>\n\t\t<div class=\"elementor-element elementor-element-a90bd14 e-con-full e-flex e-con e-child\" data-id=\"a90bd14\" data-element_type=\"container\">\n\t\t\t\t<div class=\"elementor-element elementor-element-a88aae5 elementor-widget elementor-widget-heading\" data-id=\"a88aae5\" data-element_type=\"widget\" data-widget_type=\"heading.default\">\n\t\t\t\t\t<h2 class=\"elementor-heading-title elementor-size-default\">Dit mag je van ons verwachten<\/h2>\t\t\t\t<\/div>\n\t\t\t\t<div class=\"elementor-element elementor-element-3db89fc elementor-widget elementor-widget-text-editor\" data-id=\"3db89fc\" data-element_type=\"widget\" data-widget_type=\"text-editor.default\">\n\t\t\t\t\t\t\t\t\t<ul class=\"checklist\"><li><strong>Persoonlijke begeleiding bij elke stap<\/strong><br \/>Wij vergelijken niet alleen rentes en voorwaarden, maar nemen je stap voor stap mee door het hele proces. Van het beoordelen van contracten en inkomenssituaties tot het aanvragen van een voorlopige hypotheekofferte en het finaliseren van de lening.<\/li><li><strong>Duidelijke uitleg over Nederlandse regelgeving en belastingvoordelen<\/strong><br \/>Expats hebben vaak recht op belastingvoordelen, zoals hypotheekrenteaftrek. Wij leggen je uit hoe dit werkt en hoe je jouw netto maandlast zo laag mogelijk houdt.<\/li><li><strong>Advies bij kopen, verbouwen of herfinancieren<\/strong><br \/>Of je een eerste woning koopt, wilt overstappen naar een lagere rente of een verbouwing wilt financieren: wij berekenen precies wat haalbaar is en welke aanbieder het beste bij jouw situatie past.<\/li><\/ul>\t\t\t\t\t\t\t\t<\/div>\n\t\t\t\t<\/div>\n\t\t\t\t<\/div>\n\t\t\t\t<\/div>\n\t\t\t\t\t<\/div>\n\t\t\t\t<\/div>\n\t\t<div class=\"elementor-element elementor-element-9ab134e e-flex e-con-boxed e-con e-parent\" data-id=\"9ab134e\" data-element_type=\"container\" data-settings=\"{&quot;background_background&quot;:&quot;classic&quot;}\">\n\t\t\t\t\t<div class=\"e-con-inner\">\n\t\t<div class=\"elementor-element elementor-element-7a4602a e-con-full e-flex e-con e-child\" data-id=\"7a4602a\" data-element_type=\"container\" data-settings=\"{&quot;background_background&quot;:&quot;classic&quot;}\">\n\t\t<div class=\"elementor-element elementor-element-4c2f1da e-con-full e-flex e-con e-child\" data-id=\"4c2f1da\" data-element_type=\"container\">\n\t\t<div class=\"elementor-element elementor-element-428e3ae e-flex e-con-boxed e-con e-child\" data-id=\"428e3ae\" data-element_type=\"container\">\n\t\t\t\t\t<div class=\"e-con-inner\">\n\t\t<div class=\"elementor-element elementor-element-ba48f96 e-con-full e-flex e-con e-child\" data-id=\"ba48f96\" data-element_type=\"container\">\n\t\t\t\t<div class=\"elementor-element elementor-element-e020343 elementor-widget elementor-widget-heading\" data-id=\"e020343\" data-element_type=\"widget\" data-widget_type=\"heading.default\">\n\t\t\t\t\t<span class=\"elementor-heading-title elementor-size-default\">Suitable for every expat situation<\/span>\t\t\t\t<\/div>\n\t\t\t\t<div class=\"elementor-element elementor-element-f48a615 elementor-widget elementor-widget-heading\" data-id=\"f48a615\" data-element_type=\"widget\" data-widget_type=\"heading.default\">\n\t\t\t\t\t<h1 class=\"elementor-heading-title elementor-size-default\">Personal mortgage advice in Amsterdam<\/h1>\t\t\t\t<\/div>\n\t\t\t\t<\/div>\n\t\t<div class=\"elementor-element elementor-element-790a18d e-con-full e-flex e-con e-child\" data-id=\"790a18d\" data-element_type=\"container\">\n\t\t\t\t<div class=\"elementor-element elementor-element-dc3faca elementor-widget elementor-widget-text-editor\" data-id=\"dc3faca\" data-element_type=\"widget\" data-widget_type=\"text-editor.default\">\n\t\t\t\t\t\t\t\t\t<p>We help you regardless of your background or type of employment contract. Even without Dutch nationality, you can almost always obtain a mortgage \u2014 and we will explain exactly how.<\/p>\t\t\t\t\t\t\t\t<\/div>\n\t\t\t\t<\/div>\n\t\t<div class=\"elementor-element elementor-element-aff7b21 e-con-full e-flex e-con e-child\" data-id=\"aff7b21\" data-element_type=\"container\">\n\t\t\t\t<div class=\"elementor-element elementor-element-5151484 elementor-icon-list--layout-traditional elementor-list-item-link-full_width elementor-widget elementor-widget-icon-list\" data-id=\"5151484\" data-element_type=\"widget\" data-widget_type=\"icon-list.default\">\n\t\t\t\t\t\t\t<ul class=\"elementor-icon-list-items\">\n\t\t\t\t\t\t\t<li class=\"elementor-icon-list-item\">\n\t\t\t\t\t\t\t\t\t\t\t<span class=\"elementor-icon-list-icon\">\n\t\t\t\t\t\t\t<svg xmlns=\"http:\/\/www.w3.org\/2000\/svg\" width=\"24\" height=\"24\" viewbox=\"0 0 24 24\" fill=\"none\"><path d=\"M12 22C17.5228 22 22 17.5228 22 12C22 6.47715 17.5228 2 12 2C6.47715 2 2 6.47715 2 12C2 17.5228 6.47715 22 12 22Z\" stroke=\"#07BF44\" stroke-width=\"2\" stroke-linecap=\"round\" stroke-linejoin=\"round\"><\/path><path d=\"M9 12L11 14L15 10\" stroke=\"#07BF44\" stroke-width=\"2\" stroke-linecap=\"round\" stroke-linejoin=\"round\"><\/path><\/svg>\t\t\t\t\t\t<\/span>\n\t\t\t\t\t\t\t\t\t\t<span class=\"elementor-icon-list-text\">International employees with a local contract<\/span>\n\t\t\t\t\t\t\t\t\t<\/li>\n\t\t\t\t\t\t\t\t<li class=\"elementor-icon-list-item\">\n\t\t\t\t\t\t\t\t\t\t\t<span class=\"elementor-icon-list-icon\">\n\t\t\t\t\t\t\t<svg xmlns=\"http:\/\/www.w3.org\/2000\/svg\" width=\"24\" height=\"24\" viewbox=\"0 0 24 24\" fill=\"none\"><path d=\"M12 22C17.5228 22 22 17.5228 22 12C22 6.47715 17.5228 2 12 2C6.47715 2 2 6.47715 2 12C2 17.5228 6.47715 22 12 22Z\" stroke=\"#07BF44\" stroke-width=\"2\" stroke-linecap=\"round\" stroke-linejoin=\"round\"><\/path><path d=\"M9 12L11 14L15 10\" stroke=\"#07BF44\" stroke-width=\"2\" stroke-linecap=\"round\" stroke-linejoin=\"round\"><\/path><\/svg>\t\t\t\t\t\t<\/span>\n\t\t\t\t\t\t\t\t\t\t<span class=\"elementor-icon-list-text\">Highly skilled migrants<\/span>\n\t\t\t\t\t\t\t\t\t<\/li>\n\t\t\t\t\t\t\t\t<li class=\"elementor-icon-list-item\">\n\t\t\t\t\t\t\t\t\t\t\t<span class=\"elementor-icon-list-icon\">\n\t\t\t\t\t\t\t<svg xmlns=\"http:\/\/www.w3.org\/2000\/svg\" width=\"24\" height=\"24\" viewbox=\"0 0 24 24\" fill=\"none\"><path d=\"M12 22C17.5228 22 22 17.5228 22 12C22 6.47715 17.5228 2 12 2C6.47715 2 2 6.47715 2 12C2 17.5228 6.47715 22 12 22Z\" stroke=\"#07BF44\" stroke-width=\"2\" stroke-linecap=\"round\" stroke-linejoin=\"round\"><\/path><path d=\"M9 12L11 14L15 10\" stroke=\"#07BF44\" stroke-width=\"2\" stroke-linecap=\"round\" stroke-linejoin=\"round\"><\/path><\/svg>\t\t\t\t\t\t<\/span>\n\t\t\t\t\t\t\t\t\t\t<span class=\"elementor-icon-list-text\">\t Rated 9.6 by our customers<\/span>\n\t\t\t\t\t\t\t\t\t<\/li>\n\t\t\t\t\t\t\t\t<li class=\"elementor-icon-list-item\">\n\t\t\t\t\t\t\t\t\t\t\t<span class=\"elementor-icon-list-icon\">\n\t\t\t\t\t\t\t<svg xmlns=\"http:\/\/www.w3.org\/2000\/svg\" width=\"24\" height=\"24\" viewbox=\"0 0 24 24\" fill=\"none\"><path d=\"M12 22C17.5228 22 22 17.5228 22 12C22 6.47715 17.5228 2 12 2C6.47715 2 2 6.47715 2 12C2 17.5228 6.47715 22 12 22Z\" stroke=\"#07BF44\" stroke-width=\"2\" stroke-linecap=\"round\" stroke-linejoin=\"round\"><\/path><path d=\"M9 12L11 14L15 10\" stroke=\"#07BF44\" stroke-width=\"2\" stroke-linecap=\"round\" stroke-linejoin=\"round\"><\/path><\/svg>\t\t\t\t\t\t<\/span>\n\t\t\t\t\t\t\t\t\t\t<span class=\"elementor-icon-list-text\">Expats who have just arrived in the Netherlands<\/span>\n\t\t\t\t\t\t\t\t\t<\/li>\n\t\t\t\t\t\t\t\t<li class=\"elementor-icon-list-item\">\n\t\t\t\t\t\t\t\t\t\t\t<span class=\"elementor-icon-list-icon\">\n\t\t\t\t\t\t\t<svg xmlns=\"http:\/\/www.w3.org\/2000\/svg\" width=\"24\" height=\"24\" viewbox=\"0 0 24 24\" fill=\"none\"><path d=\"M12 22C17.5228 22 22 17.5228 22 12C22 6.47715 17.5228 2 12 2C6.47715 2 2 6.47715 2 12C2 17.5228 6.47715 22 12 22Z\" stroke=\"#07BF44\" stroke-width=\"2\" stroke-linecap=\"round\" stroke-linejoin=\"round\"><\/path><path d=\"M9 12L11 14L15 10\" stroke=\"#07BF44\" stroke-width=\"2\" stroke-linecap=\"round\" stroke-linejoin=\"round\"><\/path><\/svg>\t\t\t\t\t\t<\/span>\n\t\t\t\t\t\t\t\t\t\t<span class=\"elementor-icon-list-text\">Self-employed professionals \/ freelancers with international income<\/span>\n\t\t\t\t\t\t\t\t\t<\/li>\n\t\t\t\t\t\t\t\t<li class=\"elementor-icon-list-item\">\n\t\t\t\t\t\t\t\t\t\t\t<span class=\"elementor-icon-list-icon\">\n\t\t\t\t\t\t\t<svg xmlns=\"http:\/\/www.w3.org\/2000\/svg\" width=\"24\" height=\"24\" viewbox=\"0 0 24 24\" fill=\"none\"><path d=\"M12 22C17.5228 22 22 17.5228 22 12C22 6.47715 17.5228 2 12 2C6.47715 2 2 6.47715 2 12C2 17.5228 6.47715 22 12 22Z\" stroke=\"#07BF44\" stroke-width=\"2\" stroke-linecap=\"round\" stroke-linejoin=\"round\"><\/path><path d=\"M9 12L11 14L15 10\" stroke=\"#07BF44\" stroke-width=\"2\" stroke-linecap=\"round\" stroke-linejoin=\"round\"><\/path><\/svg>\t\t\t\t\t\t<\/span>\n\t\t\t\t\t\t\t\t\t\t<span class=\"elementor-icon-list-text\">EU and non-EU citizens<\/span>\n\t\t\t\t\t\t\t\t\t<\/li>\n\t\t\t\t\t\t<\/ul>\n\t\t\t\t\t\t<\/div>\n\t\t\t\t<\/div>\n\t\t<div class=\"elementor-element elementor-element-fb00520 e-con-full e-flex e-con e-child\" data-id=\"fb00520\" data-element_type=\"container\">\n\t\t\t\t<div class=\"elementor-element elementor-element-3595eb3 elementor-widget elementor-widget-button\" data-id=\"3595eb3\" data-element_type=\"widget\" data-widget_type=\"button.default\">\n\t\t\t\t\t\t\t\t\t\t<a class=\"elementor-button elementor-button-link elementor-size-sm\" href=\"\/en\/contact\/\">\n\t\t\t\t\t\t<span class=\"elementor-button-content-wrapper\">\n\t\t\t\t\t\t<span class=\"elementor-button-icon\">\n\t\t\t\t<svg xmlns=\"http:\/\/www.w3.org\/2000\/svg\" width=\"24\" height=\"24\" viewbox=\"0 0 24 24\" fill=\"none\"><path d=\"M5 12H19\" stroke=\"#FCFCFC\" stroke-width=\"2\" stroke-linecap=\"round\" stroke-linejoin=\"round\"><\/path><path d=\"M12 5L19 12L12 19\" stroke=\"#FCFCFC\" stroke-width=\"2\" stroke-linecap=\"round\" stroke-linejoin=\"round\"><\/path><\/svg>\t\t\t<\/span>\n\t\t\t\t\t\t\t\t\t<span class=\"elementor-button-text\">Make an appointment<\/span>\n\t\t\t\t\t<\/span>\n\t\t\t\t\t<\/a>\n\t\t\t\t\t\t\t\t<\/div>\n\t\t\t\t<\/div>\n\t\t\t\t\t<\/div>\n\t\t\t\t<\/div>\n\t\t\t\t<\/div>\n\t\t<div class=\"elementor-element elementor-element-90a0ccb e-con-full e-flex e-con e-child\" data-id=\"90a0ccb\" data-element_type=\"container\" data-settings=\"{&quot;background_background&quot;:&quot;classic&quot;}\">\n\t\t\t\t<div class=\"elementor-element elementor-element-0a29955 elementor-hidden-desktop elementor-hidden-tablet elementor-widget elementor-widget-spacer\" data-id=\"0a29955\" data-element_type=\"widget\" data-widget_type=\"spacer.default\">\n\t\t\t\t\t\t\t<div class=\"elementor-spacer\">\n\t\t\t<div class=\"elementor-spacer-inner\"><\/div>\n\t\t<\/div>\n\t\t\t\t\t\t<\/div>\n\t\t\t\t<\/div>\n\t\t\t\t<\/div>\n\t\t\t\t\t<\/div>\n\t\t\t\t<\/div>\n\t\t\t\t<\/div>","protected":false},"excerpt":{"rendered":"<p>Hypotheek voor expats in Nederland Home Maak je keuze Particuliere hypotheken voor expats Zakelijke hypotheken voor expats Maandlasten berekenen Maximale hypotheek berekenen Wat kost je droomhuis echt? Particuliere hypotheken voor expats Zakelijke hypotheken voor expats Maandlasten berekenen Maximale hypotheek berekenen Wat kost je droomhuis echt? Persoonlijk advies voor expats Persoonlijk advies voor expats Een hypotheek [&hellip;]<\/p>\n","protected":false},"author":1,"featured_media":0,"parent":0,"menu_order":0,"comment_status":"closed","ping_status":"closed","template":"elementor_header_footer","meta":{"iawp_total_views":52,"footnotes":"","_elementor_version":"3.34.1","_elementor_css":null},"class_list":["post-2898","page","type-page","status-publish","hentry"],"_links":{"self":[{"href":"https:\/\/www.fchypotheken.nl\/en\/wp-json\/wp\/v2\/pages\/2898","targetHints":{"allow":["GET"]}}],"collection":[{"href":"https:\/\/www.fchypotheken.nl\/en\/wp-json\/wp\/v2\/pages"}],"about":[{"href":"https:\/\/www.fchypotheken.nl\/en\/wp-json\/wp\/v2\/types\/page"}],"author":[{"embeddable":true,"href":"https:\/\/www.fchypotheken.nl\/en\/wp-json\/wp\/v2\/users\/1"}],"replies":[{"embeddable":true,"href":"https:\/\/www.fchypotheken.nl\/en\/wp-json\/wp\/v2\/comments?post=2898"}],"version-history":[{"count":5,"href":"https:\/\/www.fchypotheken.nl\/en\/wp-json\/wp\/v2\/pages\/2898\/revisions"}],"predecessor-version":[{"id":4020,"href":"https:\/\/www.fchypotheken.nl\/en\/wp-json\/wp\/v2\/pages\/2898\/revisions\/4020"}],"wp:attachment":[{"href":"https:\/\/www.fchypotheken.nl\/en\/wp-json\/wp\/v2\/media?parent=2898"}],"curies":[{"name":"wp","href":"https:\/\/api.w.org\/{rel}","templated":true}]}}